{"id":2223,"date":"2025-04-09T00:50:16","date_gmt":"2025-04-09T00:50:16","guid":{"rendered":"https:\/\/subzone-store.com\/product\/tango-life-tango-6500-sarj-etme\/"},"modified":"2025-04-09T00:50:16","modified_gmt":"2025-04-09T00:50:16","slug":"tango-life-tango-6500-sarj-etme","status":"publish","type":"product","link":"https:\/\/subzone-store.com\/tr\/product\/tango-life-tango-6500-sarj-etme\/","title":{"rendered":"Tango Life Tango 6500 \u015earj Etme"},"content":{"rendered":"<p>Tango Live, yay\u0131nc\u0131lar\u0131n yay\u0131n i\u015flerini y\u00f6netmek ve b\u00fcy\u00fctmek i\u00e7in gerekli ara\u00e7lara sahip olduklar\u0131 interaktif bir sosyal platformdur. Yeni insanlarla tan\u0131\u015fmak, yeteneklerinizi sergilemek ve d\u00fcnyan\u0131n her yerinden arkada\u015flar edinmek i\u00e7in m\u00fckemmel bir yer!<\/p>\n","protected":false},"excerpt":{"rendered":"<p>Tango Live, yay\u0131nc\u0131lar\u0131n yay\u0131n i\u015flerini y\u00f6netmek ve b\u00fcy\u00fctmek i\u00e7in gerekli ara\u00e7lara &#8230; <\/p>\n","protected":false},"featured_media":2202,"comment_status":"open","ping_status":"closed","template":"","meta":[],"product_brand":[],"product_cat":[203],"product_tag":[],"class_list":{"0":"post-2223","1":"product","2":"type-product","3":"status-publish","4":"has-post-thumbnail","6":"product_cat-203","8":"first","9":"instock","10":"shipping-taxable","11":"purchasable","12":"product-type-simple"},"_links":{"self":[{"href":"https:\/\/subzone-store.com\/tr\/wp-json\/wp\/v2\/product\/2223","targetHints":{"allow":["GET"]}}],"collection":[{"href":"https:\/\/subzone-store.com\/tr\/wp-json\/wp\/v2\/product"}],"about":[{"href":"https:\/\/subzone-store.com\/tr\/wp-json\/wp\/v2\/types\/product"}],"replies":[{"embeddable":true,"href":"https:\/\/subzone-store.com\/tr\/wp-json\/wp\/v2\/comments?post=2223"}],"wp:featuredmedia":[{"embeddable":true,"href":"https:\/\/subzone-store.com\/tr\/wp-json\/wp\/v2\/media\/2202"}],"wp:attachment":[{"href":"https:\/\/subzone-store.com\/tr\/wp-json\/wp\/v2\/media?parent=2223"}],"wp:term":[{"taxonomy":"product_brand","embeddable":true,"href":"https:\/\/subzone-store.com\/tr\/wp-json\/wp\/v2\/product_brand?post=2223"},{"taxonomy":"product_cat","embeddable":true,"href":"https:\/\/subzone-store.com\/tr\/wp-json\/wp\/v2\/product_cat?post=2223"},{"taxonomy":"product_tag","embeddable":true,"href":"https:\/\/subzone-store.com\/tr\/wp-json\/wp\/v2\/product_tag?post=2223"}],"curies":[{"name":"wp","href":"https:\/\/api.w.org\/{rel}","templated":true}]}}