{"id":2224,"date":"2025-04-09T00:52:13","date_gmt":"2025-04-09T00:52:13","guid":{"rendered":"https:\/\/subzone-store.com\/product\/queens-super-canli-eller-ucretsiz-kargo-6000\/"},"modified":"2025-04-09T00:52:13","modified_gmt":"2025-04-09T00:52:13","slug":"queens-super-canli-eller-ucretsiz-kargo-6000","status":"publish","type":"product","link":"https:\/\/subzone-store.com\/tr\/product\/queens-super-canli-eller-ucretsiz-kargo-6000\/","title":{"rendered":"Queen&#8217;s S\u00fcper Canl\u0131 Eller \u00dccretsiz Kargo 6,000"},"content":{"rendered":"<p>SuperLive, becerilerinizi g\u00f6stermenize olanak tan\u0131yan pop\u00fcler bir video ak\u0131\u015f\u0131 sosyal a\u011f\u0131d\u0131r. Ve hatta d\u00fcnyan\u0131n her yerinden harika arkada\u015flar edinin!<\/p>\n","protected":false},"excerpt":{"rendered":"<p>SuperLive, becerilerinizi g\u00f6stermenize olanak tan\u0131yan pop\u00fcler bir video ak\u0131\u015f\u0131 sosyal a\u011f\u0131d\u0131r. &#8230; <\/p>\n","protected":false},"featured_media":2200,"comment_status":"open","ping_status":"closed","template":"","meta":[],"product_brand":[],"product_cat":[203],"product_tag":[],"class_list":{"0":"post-2224","1":"product","2":"type-product","3":"status-publish","4":"has-post-thumbnail","6":"product_cat-203","8":"first","9":"instock","10":"shipping-taxable","11":"purchasable","12":"product-type-simple"},"_links":{"self":[{"href":"https:\/\/subzone-store.com\/tr\/wp-json\/wp\/v2\/product\/2224","targetHints":{"allow":["GET"]}}],"collection":[{"href":"https:\/\/subzone-store.com\/tr\/wp-json\/wp\/v2\/product"}],"about":[{"href":"https:\/\/subzone-store.com\/tr\/wp-json\/wp\/v2\/types\/product"}],"replies":[{"embeddable":true,"href":"https:\/\/subzone-store.com\/tr\/wp-json\/wp\/v2\/comments?post=2224"}],"wp:featuredmedia":[{"embeddable":true,"href":"https:\/\/subzone-store.com\/tr\/wp-json\/wp\/v2\/media\/2200"}],"wp:attachment":[{"href":"https:\/\/subzone-store.com\/tr\/wp-json\/wp\/v2\/media?parent=2224"}],"wp:term":[{"taxonomy":"product_brand","embeddable":true,"href":"https:\/\/subzone-store.com\/tr\/wp-json\/wp\/v2\/product_brand?post=2224"},{"taxonomy":"product_cat","embeddable":true,"href":"https:\/\/subzone-store.com\/tr\/wp-json\/wp\/v2\/product_cat?post=2224"},{"taxonomy":"product_tag","embeddable":true,"href":"https:\/\/subzone-store.com\/tr\/wp-json\/wp\/v2\/product_tag?post=2224"}],"curies":[{"name":"wp","href":"https:\/\/api.w.org\/{rel}","templated":true}]}}