{"id":2226,"date":"2025-04-09T00:44:40","date_gmt":"2025-04-09T00:44:40","guid":{"rendered":"https:\/\/subzone-store.com\/product\/google-play-card-129-sar\/"},"modified":"2025-04-09T00:44:40","modified_gmt":"2025-04-09T00:44:40","slug":"google-play-card-129-sar","status":"publish","type":"product","link":"https:\/\/subzone-store.com\/tr\/product\/google-play-card-129-sar\/","title":{"rendered":"Google Play Card 129 SAR"},"content":{"rendered":"<h2>Sonsuz i\u00e7eri\u011fin keyfini \u00e7\u0131kar\u0131n<\/h2>\n<p>SAR 129 Google Play Card size \u00e7ok \u00e7e\u015fitli uygulamalara, oyunlara s\u0131n\u0131rs\u0131z eri\u015fim sa\u011flar, Ve dijital i\u00e7erikler. \u0130ster bir oyuncu olun ister yeni uygulamalar ke\u015ffetmek isteyin. Bu kart, dijital deneyiminizi geli\u015ftirmek i\u00e7in m\u00fckemmel bir \u00e7\u00f6z\u00fcmd\u00fcr. Google Play Card, favori premium oyunlar\u0131n\u0131z\u0131 sat\u0131n alman\u0131za veya e\u011flence deneyiminizi geli\u015ftiren hizmetlere abone olman\u0131za olanak tan\u0131r.<\/p>\n<h2>Online al\u0131\u015fveri\u015f yapman\u0131n en kolay yolu<\/h2>\n<p>Google Play Card, dijital i\u00e7erik al\u0131\u015fveri\u015fi yapman\u0131n h\u0131zl\u0131 ve kolay bir yolu olarak tasarlanm\u0131\u015ft\u0131r. Kart \u00fczerindeki kodu Google Play hesab\u0131n\u0131za girmeniz yeterlidir. Al\u0131\u015fveri\u015flerinizin keyfini dakikalar i\u00e7inde \u00e7\u0131karabileceksiniz. De\u011feri sayesinde. Harcamalar\u0131n\u0131z\u0131 kolayca kontrol edebilir ve karma\u015f\u0131k finansal i\u015flemler hakk\u0131nda endi\u015felenmeden yaln\u0131zca ihtiyac\u0131n\u0131z olan\u0131 sat\u0131n alabilirsiniz.<\/p>\n<h2>Teknoloji merakl\u0131lar\u0131 i\u00e7in m\u00fckemmel bir hediye<\/h2>\n<p>Arkada\u015flar\u0131n\u0131z veya aile \u00fcyeleriniz taraf\u0131ndan tercih edilebilecek bir hediye \u00fczerinde fazla d\u00fc\u015f\u00fcnmeyin. SAR 129 de\u011ferindeki Google Play Card, farkl\u0131 durumlarda hediye olarak m\u00fckemmel bir se\u00e7imdir. Do\u011fum g\u00fcnleri veya kutlamalar i\u00e7in m\u00fckemmeldir. Al\u0131c\u0131ya kendi dijital i\u00e7eri\u011fini se\u00e7me \u00f6zg\u00fcrl\u00fc\u011f\u00fc verir. Bu da onu benzersiz ve kullan\u0131\u015fl\u0131 bir hediye haline getiriyor. Mevcut uygulama ve oyun \u00e7e\u015fitlili\u011fi ile. Bu kartla hediye sahibinizi \u00e7ok memnun edece\u011finizden emin olabilirsiniz.<\/p>\n","protected":false},"excerpt":{"rendered":"<p>Sonsuz i\u00e7eri\u011fin keyfini \u00e7\u0131kar\u0131n SAR 129 Google Play Card size \u00e7ok &#8230; <\/p>\n","protected":false},"featured_media":2198,"comment_status":"open","ping_status":"closed","template":"","meta":[],"product_brand":[],"product_cat":[203],"product_tag":[],"class_list":{"0":"post-2226","1":"product","2":"type-product","3":"status-publish","4":"has-post-thumbnail","6":"product_cat-203","8":"first","9":"instock","10":"shipping-taxable","11":"purchasable","12":"product-type-simple"},"_links":{"self":[{"href":"https:\/\/subzone-store.com\/tr\/wp-json\/wp\/v2\/product\/2226","targetHints":{"allow":["GET"]}}],"collection":[{"href":"https:\/\/subzone-store.com\/tr\/wp-json\/wp\/v2\/product"}],"about":[{"href":"https:\/\/subzone-store.com\/tr\/wp-json\/wp\/v2\/types\/product"}],"replies":[{"embeddable":true,"href":"https:\/\/subzone-store.com\/tr\/wp-json\/wp\/v2\/comments?post=2226"}],"wp:featuredmedia":[{"embeddable":true,"href":"https:\/\/subzone-store.com\/tr\/wp-json\/wp\/v2\/media\/2198"}],"wp:attachment":[{"href":"https:\/\/subzone-store.com\/tr\/wp-json\/wp\/v2\/media?parent=2226"}],"wp:term":[{"taxonomy":"product_brand","embeddable":true,"href":"https:\/\/subzone-store.com\/tr\/wp-json\/wp\/v2\/product_brand?post=2226"},{"taxonomy":"product_cat","embeddable":true,"href":"https:\/\/subzone-store.com\/tr\/wp-json\/wp\/v2\/product_cat?post=2226"},{"taxonomy":"product_tag","embeddable":true,"href":"https:\/\/subzone-store.com\/tr\/wp-json\/wp\/v2\/product_tag?post=2226"}],"curies":[{"name":"wp","href":"https:\/\/api.w.org\/{rel}","templated":true}]}}