{"id":2227,"date":"2025-04-09T00:46:07","date_gmt":"2025-04-09T00:46:07","guid":{"rendered":"https:\/\/subzone-store.com\/product\/google-play-card-175-sar\/"},"modified":"2025-04-09T00:46:07","modified_gmt":"2025-04-09T00:46:07","slug":"google-play-card-175-sar","status":"publish","type":"product","link":"https:\/\/subzone-store.com\/tr\/product\/google-play-card-175-sar\/","title":{"rendered":"Google Play Card 175 SAR"},"content":{"rendered":"<h2>175 SAR de\u011ferinde Google Play Card ile dijital al\u0131\u015fveri\u015fin keyfini \u00e7\u0131kar\u0131n<\/h2>\n<p>Online harcama yapmak i\u00e7in sorunsuz ve g\u00fcvenli bir yol mu ar\u0131yorsunuz? SAR 175 Google Play Card, t\u00fcm oyun ve uygulama severler i\u00e7in m\u00fckemmel bir \u00e7\u00f6z\u00fcmd\u00fcr. Bu kartla. Dijital i\u00e7erikler, oyunlar, filmler sat\u0131n alabilir ve ve Google Play Store&#8217;dan herhangi bir g\u00fc\u00e7l\u00fck veya endi\u015fe duymadan m\u00fczik dinleyebilirsiniz. Bu kart kredi kart\u0131 ihtiyac\u0131n\u0131 ortadan kald\u0131r\u0131r. Bu da onu her kullan\u0131c\u0131 i\u00e7in m\u00fckemmel bir se\u00e7im haline getirir.<\/p>\n<h2>Google Play Card 175 SAR&#8217;\u0131n \u00d6zellikleri<\/h2>\n<p>Google Play Card&#8217;\u0131n\u0131z say\u0131s\u0131z avantajla birlikte gelir. Ba\u015flang\u0131\u00e7ta. Yakla\u015f\u0131k 175 SAR aras\u0131nda de\u011fi\u015fen bir de\u011fere sahiptir. Bu, \u00e7ok \u00e7e\u015fitli oyun ve uygulamalara en iyi fiyatlarla eri\u015fmenizi sa\u011flar. Kart\u0131 kullanmak, ma\u011fazada gezinmenizi ve ilgi alanlar\u0131n\u0131za uygun olan\u0131 se\u00e7menizi kolayla\u015ft\u0131r\u0131r. \u0130ster yeni oyunlar ar\u0131yor olun. E\u011fitim uygulamalar\u0131. Ya da e\u011flenceli filmler. Tek yapman\u0131z gereken kart kodunu ma\u011fazaya girmek. Kendinizi e\u011flence ve yeniliklerle dolu bir d\u00fcnyaya kapt\u0131rmaya haz\u0131r olacaks\u0131n\u0131z.<\/p>\n<h2>Kart nas\u0131l kullan\u0131l\u0131r ve nas\u0131l al\u0131n\u0131r<\/h2>\n<p>Google Play Card 175 SAR sat\u0131n almak i\u00e7in. Favori web sitenizi veya g\u00fcvenilir bir yerel ma\u011fazay\u0131 ziyaret edebilirsiniz. Kart\u0131 ald\u0131ktan sonra. Do\u011frudan Google Play hesab\u0131n\u0131za girebilece\u011finiz benzersiz bir kod bulacaks\u0131n\u0131z. Basit ve takip etmesi kolay bir s\u00fcre\u00e7 sayesinde. Al\u0131\u015fveri\u015flerinizin keyfini saniyeler i\u00e7inde \u00e7\u0131karabileceksiniz. Kartlar\u0131m\u0131zda gezinmek kolayd\u0131r. herhangi bir g\u00fc\u00e7l\u00fck olmadan. Bu da dijital al\u0131\u015fveri\u015f deneyimini daha rahat ve keyifli hale getiriyor.<\/p>\n<p>Google Play Card 175 SAR&#8217;\u0131 deneme f\u0131rsat\u0131n\u0131 ka\u00e7\u0131rmay\u0131n. Dijital i\u00e7eri\u011fin u\u00e7suz bucaks\u0131z d\u00fcnyas\u0131n\u0131 ke\u015ffetmeye ba\u015flay\u0131n. Yeni oyunlar oynayabilece\u011finiz ve e\u011flenceli videolar izleyebilece\u011finiz yer. Hepsi kendi evinizin rahatl\u0131\u011f\u0131nda. Kart\u0131n\u0131z\u0131 \u015fimdi al\u0131n ve benzersiz bir al\u0131\u015fveri\u015f deneyiminin tad\u0131n\u0131 \u00e7\u0131kar\u0131n!<\/p>\n","protected":false},"excerpt":{"rendered":"<p>175 SAR de\u011ferinde Google Play Card ile dijital al\u0131\u015fveri\u015fin keyfini \u00e7\u0131kar\u0131n &#8230; <\/p>\n","protected":false},"featured_media":2196,"comment_status":"open","ping_status":"closed","template":"","meta":[],"product_brand":[],"product_cat":[203],"product_tag":[],"class_list":{"0":"post-2227","1":"product","2":"type-product","3":"status-publish","4":"has-post-thumbnail","6":"product_cat-203","8":"first","9":"instock","10":"shipping-taxable","11":"purchasable","12":"product-type-simple"},"_links":{"self":[{"href":"https:\/\/subzone-store.com\/tr\/wp-json\/wp\/v2\/product\/2227","targetHints":{"allow":["GET"]}}],"collection":[{"href":"https:\/\/subzone-store.com\/tr\/wp-json\/wp\/v2\/product"}],"about":[{"href":"https:\/\/subzone-store.com\/tr\/wp-json\/wp\/v2\/types\/product"}],"replies":[{"embeddable":true,"href":"https:\/\/subzone-store.com\/tr\/wp-json\/wp\/v2\/comments?post=2227"}],"wp:featuredmedia":[{"embeddable":true,"href":"https:\/\/subzone-store.com\/tr\/wp-json\/wp\/v2\/media\/2196"}],"wp:attachment":[{"href":"https:\/\/subzone-store.com\/tr\/wp-json\/wp\/v2\/media?parent=2227"}],"wp:term":[{"taxonomy":"product_brand","embeddable":true,"href":"https:\/\/subzone-store.com\/tr\/wp-json\/wp\/v2\/product_brand?post=2227"},{"taxonomy":"product_cat","embeddable":true,"href":"https:\/\/subzone-store.com\/tr\/wp-json\/wp\/v2\/product_cat?post=2227"},{"taxonomy":"product_tag","embeddable":true,"href":"https:\/\/subzone-store.com\/tr\/wp-json\/wp\/v2\/product_tag?post=2227"}],"curies":[{"name":"wp","href":"https:\/\/api.w.org\/{rel}","templated":true}]}}