{"id":2228,"date":"2025-04-09T00:31:19","date_gmt":"2025-04-09T00:31:19","guid":{"rendered":"https:\/\/subzone-store.com\/product\/apple-itunes-card-sar-5-suudi-hesabi\/"},"modified":"2025-04-09T00:31:19","modified_gmt":"2025-04-09T00:31:19","slug":"apple-itunes-card-sar-5-suudi-hesabi","status":"publish","type":"product","link":"https:\/\/subzone-store.com\/tr\/product\/apple-itunes-card-sar-5-suudi-hesabi\/","title":{"rendered":"Apple &amp; iTunes Card SAR 5 &#8211; Suudi Hesab\u0131"},"content":{"rendered":"<h2>Ger\u00e7ek de\u011fere odakland\u0131<\/h2>\n<p>Apple Card, sorunsuz ve rahat bir al\u0131\u015fveri\u015f deneyimi arayan herkes i\u00e7in ideal bir se\u00e7imdir. Bu kart ile Apple taraf\u0131ndan sunulan \u00e7ok \u00e7e\u015fitli premium \u00fcr\u00fcn ve hizmetlere eri\u015febilir, en son teknolojilerden ve yeniliklerden faydalanabilirsiniz.   <\/p>\n<h2>Kullan\u0131m kolayl\u0131\u011f\u0131<\/h2>\n<p>Apple Card, kolayl\u0131kla al\u0131\u015fveri\u015f yapman\u0131z\u0131 sa\u011flayan basit ve kullan\u0131m\u0131 kolay bir tasar\u0131ma sahiptir. Karta kredi y\u00fckledikten sonra do\u011frudan Apple Pay \u00f6zellikli herhangi bir ma\u011fazada kullanabilirsiniz. Bu \u015fekilde, \u00f6zel ihtiya\u00e7lar\u0131n\u0131za uygun esnek bir al\u0131\u015fveri\u015f deneyiminin keyfini \u00e7\u0131karabilirsiniz.     <\/p>\n<h2>G\u00fcvenlik ve g\u00fcvenilirlik<\/h2>\n<p>Kart\u0131n g\u00fcvenli\u011fi, hileli i\u015flemlere kar\u015f\u0131 geli\u015fmi\u015f koruma sunan en \u00f6nemli \u00f6zelliklerinden biridir. Finansal bilgileriniz tamamen korunaca\u011f\u0131 i\u00e7in Apple Card&#8217;\u0131n\u0131z\u0131 kullan\u0131rken kendinizi rahat hissedebilirsiniz. Apple&#8217;\u0131n g\u00fcvenilirlik garantisi ile daha g\u00fcvenli bir al\u0131\u015fveri\u015f deneyiminin keyfini \u00e7\u0131kar\u0131n.    <\/p>\n","protected":false},"excerpt":{"rendered":"<p>Ger\u00e7ek de\u011fere odakland\u0131 Apple Card, sorunsuz ve rahat bir al\u0131\u015fveri\u015f deneyimi &#8230; <\/p>\n","protected":false},"featured_media":2210,"comment_status":"open","ping_status":"closed","template":"","meta":[],"product_brand":[],"product_cat":[203],"product_tag":[],"class_list":{"0":"post-2228","1":"product","2":"type-product","3":"status-publish","4":"has-post-thumbnail","6":"product_cat-203","8":"first","9":"instock","10":"shipping-taxable","11":"purchasable","12":"product-type-simple"},"_links":{"self":[{"href":"https:\/\/subzone-store.com\/tr\/wp-json\/wp\/v2\/product\/2228","targetHints":{"allow":["GET"]}}],"collection":[{"href":"https:\/\/subzone-store.com\/tr\/wp-json\/wp\/v2\/product"}],"about":[{"href":"https:\/\/subzone-store.com\/tr\/wp-json\/wp\/v2\/types\/product"}],"replies":[{"embeddable":true,"href":"https:\/\/subzone-store.com\/tr\/wp-json\/wp\/v2\/comments?post=2228"}],"wp:featuredmedia":[{"embeddable":true,"href":"https:\/\/subzone-store.com\/tr\/wp-json\/wp\/v2\/media\/2210"}],"wp:attachment":[{"href":"https:\/\/subzone-store.com\/tr\/wp-json\/wp\/v2\/media?parent=2228"}],"wp:term":[{"taxonomy":"product_brand","embeddable":true,"href":"https:\/\/subzone-store.com\/tr\/wp-json\/wp\/v2\/product_brand?post=2228"},{"taxonomy":"product_cat","embeddable":true,"href":"https:\/\/subzone-store.com\/tr\/wp-json\/wp\/v2\/product_cat?post=2228"},{"taxonomy":"product_tag","embeddable":true,"href":"https:\/\/subzone-store.com\/tr\/wp-json\/wp\/v2\/product_tag?post=2228"}],"curies":[{"name":"wp","href":"https:\/\/api.w.org\/{rel}","templated":true}]}}