{"id":2229,"date":"2025-04-09T00:34:23","date_gmt":"2025-04-09T00:34:23","guid":{"rendered":"https:\/\/subzone-store.com\/product\/apple-itunes-card-sar-25-suudi-hesabi\/"},"modified":"2025-04-09T00:34:23","modified_gmt":"2025-04-09T00:34:23","slug":"apple-itunes-card-sar-25-suudi-hesabi","status":"publish","type":"product","link":"https:\/\/subzone-store.com\/tr\/product\/apple-itunes-card-sar-25-suudi-hesabi\/","title":{"rendered":"Apple &amp; iTunes Card SAR 25 &#8211; Suudi Hesab\u0131"},"content":{"rendered":"<h2>Apple Kart G\u00f6nderimi<\/h2>\n<p>Rakipsiz bir dijital al\u0131\u015fveri\u015f deneyimi i\u00e7in m\u00fckemmel bir yol arkada\u015f\u0131 olan Apple Card ile tan\u0131\u015f\u0131n. Online al\u0131\u015fveri\u015f yapanlara kullan\u0131m kolayl\u0131\u011f\u0131 ve rahatl\u0131k sa\u011flamak \u00fczere tasarlanan Apple Card, sat\u0131n alma s\u00fcrecini basitle\u015ftirerek zamandan ve emekten tasarruf etmenizi sa\u011flayacak bir ad\u0131m. \u0130ster uygulama, ister oyun, ister film veya m\u00fczik ar\u0131yor olun, Apple Card size e\u011flence se\u00e7enekleri ve deneyimlerle dolu bir d\u00fcnyan\u0131n kap\u0131lar\u0131n\u0131 a\u00e7\u0131yor.     <\/p>\n<h2>Apple Kart \u00d6zellikleri<\/h2>\n<p>Apple Card, onu her kullan\u0131c\u0131 i\u00e7in m\u00fckemmel bir se\u00e7im haline getiren \u00e7e\u015fitli \u00f6zelliklere sahiptir. \u00c7ok y\u00f6nl\u00fc bir de\u011fere sahiptir ve al\u0131\u015fveri\u015f i\u00e7in belirli bir miktar\u0131 kullanman\u0131za olanak tan\u0131r. Bu kartla yap\u0131lan her al\u0131\u015fveri\u015f kolay ve g\u00fcvenlidir, endi\u015fesiz ve sorunsuz bir al\u0131\u015fveri\u015f deneyimi sa\u011flar. Dahas\u0131, Apple Card&#8217;\u0131 \u00e7e\u015fitli ak\u0131ll\u0131 cihazlarda kullanabilir, b\u00f6ylece nas\u0131l ve ne zaman al\u0131\u015fveri\u015f yapaca\u011f\u0131n\u0131z konusunda size b\u00fcy\u00fck esneklik sa\u011flar.       <\/p>\n<h2>Apple Card nas\u0131l kullan\u0131l\u0131r?<\/h2>\n<p>Apple Card kullanmak basit ve kolayd\u0131r. Tek yapman\u0131z gereken, favori uygulaman\u0131zda veya web sitenizde \u00f6deme s\u0131ras\u0131nda kart numaras\u0131n\u0131 girmektir. Tutar do\u011frudan kart bakiyesinden d\u00fc\u015f\u00fclerek b\u00fct\u00e7enizi etkin bir \u015fekilde y\u00f6netmenizi sa\u011flar. Apple Card, \u00e7e\u015fitli e\u011flence alanlar\u0131ndaki dijital \u00fcr\u00fcn ve hizmetleri deneyimlemek i\u00e7in uygun fiyatl\u0131 bir yol arayan kullan\u0131c\u0131lar i\u00e7in harika bir se\u00e7enek.    <\/p>\n<p>Apple Card, al\u0131\u015fveri\u015f deneyiminizi daha kolay ve kullan\u0131\u015fl\u0131 hale getirmek i\u00e7in mevcut en iyi se\u00e7eneklerden biridir. Bug\u00fcn ke\u015ffedin ve al\u0131\u015fveri\u015f yapma \u015feklinizi de\u011fi\u015ftirecek ak\u0131ll\u0131 \u00f6deme mod\u00fcllerini deneyimleyin! <\/p>\n","protected":false},"excerpt":{"rendered":"<p>Apple Kart G\u00f6nderimi Rakipsiz bir dijital al\u0131\u015fveri\u015f deneyimi i\u00e7in m\u00fckemmel bir &#8230; <\/p>\n","protected":false},"featured_media":2218,"comment_status":"open","ping_status":"closed","template":"","meta":[],"product_brand":[],"product_cat":[203],"product_tag":[],"class_list":{"0":"post-2229","1":"product","2":"type-product","3":"status-publish","4":"has-post-thumbnail","6":"product_cat-203","8":"first","9":"instock","10":"shipping-taxable","11":"purchasable","12":"product-type-simple"},"_links":{"self":[{"href":"https:\/\/subzone-store.com\/tr\/wp-json\/wp\/v2\/product\/2229","targetHints":{"allow":["GET"]}}],"collection":[{"href":"https:\/\/subzone-store.com\/tr\/wp-json\/wp\/v2\/product"}],"about":[{"href":"https:\/\/subzone-store.com\/tr\/wp-json\/wp\/v2\/types\/product"}],"replies":[{"embeddable":true,"href":"https:\/\/subzone-store.com\/tr\/wp-json\/wp\/v2\/comments?post=2229"}],"wp:featuredmedia":[{"embeddable":true,"href":"https:\/\/subzone-store.com\/tr\/wp-json\/wp\/v2\/media\/2218"}],"wp:attachment":[{"href":"https:\/\/subzone-store.com\/tr\/wp-json\/wp\/v2\/media?parent=2229"}],"wp:term":[{"taxonomy":"product_brand","embeddable":true,"href":"https:\/\/subzone-store.com\/tr\/wp-json\/wp\/v2\/product_brand?post=2229"},{"taxonomy":"product_cat","embeddable":true,"href":"https:\/\/subzone-store.com\/tr\/wp-json\/wp\/v2\/product_cat?post=2229"},{"taxonomy":"product_tag","embeddable":true,"href":"https:\/\/subzone-store.com\/tr\/wp-json\/wp\/v2\/product_tag?post=2229"}],"curies":[{"name":"wp","href":"https:\/\/api.w.org\/{rel}","templated":true}]}}