{"id":2230,"date":"2025-04-09T00:37:38","date_gmt":"2025-04-09T00:37:38","guid":{"rendered":"https:\/\/subzone-store.com\/product\/apple-itunes-card-sar-100-suudi-hesabi\/"},"modified":"2025-04-09T00:37:38","modified_gmt":"2025-04-09T00:37:38","slug":"apple-itunes-card-sar-100-suudi-hesabi","status":"publish","type":"product","link":"https:\/\/subzone-store.com\/tr\/product\/apple-itunes-card-sar-100-suudi-hesabi\/","title":{"rendered":"Apple &amp; iTunes Card SAR 100 &#8211; Suudi Hesab\u0131"},"content":{"rendered":"<h2>Apple Card ile tan\u0131\u015f\u0131n<\/h2>\n<p>Online al\u0131\u015fveri\u015f i\u00e7in uygun ve g\u00fcvenli bir yol ar\u0131yorsan\u0131z. Apple Card sizin i\u00e7in m\u00fckemmel bir se\u00e7imdir. Bu kart size \u00fcr\u00fcn ve hizmetleri kolayl\u0131kla sat\u0131n alma olana\u011f\u0131 sa\u011flar. finansal bilgilerinizi g\u00fcvende tutarken. Zaman\u0131n\u0131z\u0131 ister al\u0131\u015fveri\u015f yaparak ister yeni i\u00e7erikler ke\u015ffederek ge\u00e7irin. Apple Card size ihtiyac\u0131n\u0131z olan \u00f6zg\u00fcrl\u00fc\u011f\u00fc ve rahatl\u0131\u011f\u0131 sa\u011flar.<\/p>\n<h2>Temel \u00d6zellikler<\/h2>\n<p>Apple Card, onu di\u011fer se\u00e7eneklerden \u00fcst\u00fcn k\u0131lan bir dizi \u00f6zellikle birlikte gelir. \u0130lk olarak. Bunlar\u0131 binlerce \u00e7evrimi\u00e7i ma\u011fazada kullanabilirsiniz. Bu size geni\u015f bir \u00fcr\u00fcn yelpazesine eri\u015fim sa\u011flar. \u0130kinci olarak. Apple Card size y\u00fcksek d\u00fczeyde g\u00fcvenlik sa\u011flar. Bu, ki\u015fisel bilgilerinizi olas\u0131 tehditlere kar\u015f\u0131 korur. Sonunda. Apple Card kolayca temin edilebilir. Hediye etmek veya ki\u015fisel kullan\u0131m i\u00e7in idealdir.<\/p>\n<h2>Apple Card nas\u0131l al\u0131n\u0131r<\/h2>\n<p>Apple Card almak h\u0131zl\u0131 ve kolayd\u0131r. Online olarak veya belirli ma\u011fazalar arac\u0131l\u0131\u011f\u0131yla ba\u015fvurabilirsiniz. Kart\u0131 ald\u0131ktan sonra. \u00dczerine bir kredi y\u00fckleyebilir ve hemen kullanmaya ba\u015flayabilirsiniz. Apple Card&#8217;\u0131n sundu\u011fu her \u015feyi ke\u015ffetme f\u0131rsat\u0131n\u0131 ka\u00e7\u0131rmay\u0131n. Benzeri g\u00f6r\u00fclmemi\u015f bir al\u0131\u015fveri\u015f deneyiminin keyfini \u00e7\u0131kar\u0131n.<\/p>\n","protected":false},"excerpt":{"rendered":"<p>Apple Card ile tan\u0131\u015f\u0131n Online al\u0131\u015fveri\u015f i\u00e7in uygun ve g\u00fcvenli bir &#8230; <\/p>\n","protected":false},"featured_media":2188,"comment_status":"open","ping_status":"closed","template":"","meta":[],"product_brand":[],"product_cat":[203],"product_tag":[],"class_list":{"0":"post-2230","1":"product","2":"type-product","3":"status-publish","4":"has-post-thumbnail","6":"product_cat-203","8":"first","9":"instock","10":"shipping-taxable","11":"purchasable","12":"product-type-simple"},"_links":{"self":[{"href":"https:\/\/subzone-store.com\/tr\/wp-json\/wp\/v2\/product\/2230","targetHints":{"allow":["GET"]}}],"collection":[{"href":"https:\/\/subzone-store.com\/tr\/wp-json\/wp\/v2\/product"}],"about":[{"href":"https:\/\/subzone-store.com\/tr\/wp-json\/wp\/v2\/types\/product"}],"replies":[{"embeddable":true,"href":"https:\/\/subzone-store.com\/tr\/wp-json\/wp\/v2\/comments?post=2230"}],"wp:featuredmedia":[{"embeddable":true,"href":"https:\/\/subzone-store.com\/tr\/wp-json\/wp\/v2\/media\/2188"}],"wp:attachment":[{"href":"https:\/\/subzone-store.com\/tr\/wp-json\/wp\/v2\/media?parent=2230"}],"wp:term":[{"taxonomy":"product_brand","embeddable":true,"href":"https:\/\/subzone-store.com\/tr\/wp-json\/wp\/v2\/product_brand?post=2230"},{"taxonomy":"product_cat","embeddable":true,"href":"https:\/\/subzone-store.com\/tr\/wp-json\/wp\/v2\/product_cat?post=2230"},{"taxonomy":"product_tag","embeddable":true,"href":"https:\/\/subzone-store.com\/tr\/wp-json\/wp\/v2\/product_tag?post=2230"}],"curies":[{"name":"wp","href":"https:\/\/api.w.org\/{rel}","templated":true}]}}