{"id":2231,"date":"2025-04-09T00:36:05","date_gmt":"2025-04-09T00:36:05","guid":{"rendered":"https:\/\/subzone-store.com\/product\/apple-itunes-card-sar-50-suudi-hesabi\/"},"modified":"2025-04-09T00:36:05","modified_gmt":"2025-04-09T00:36:05","slug":"apple-itunes-card-sar-50-suudi-hesabi","status":"publish","type":"product","link":"https:\/\/subzone-store.com\/tr\/product\/apple-itunes-card-sar-50-suudi-hesabi\/","title":{"rendered":"Apple &amp; iTunes Card SAR 50 &#8211; Suudi Hesab\u0131"},"content":{"rendered":"<h2>Apple Card&#8217;\u0131n teknoloji d\u00fcnyas\u0131ndaki \u00f6nemi<\/h2>\n<p>Apple Card, g\u00fcn\u00fcm\u00fcz d\u00fcnyas\u0131n\u0131n en pop\u00fcler dijital \u00f6deme ara\u00e7lar\u0131ndan biridir ve kullan\u0131c\u0131lara sorunsuz ve g\u00fcvenli bir \u00e7evrimi\u00e7i al\u0131\u015fveri\u015f deneyimi sunar. Bu kart arac\u0131l\u0131\u011f\u0131yla \u00e7e\u015fitli uygulamalar, m\u00fczikler, filmler ve kitaplar sat\u0131n alabilirsiniz, bu da onu teknoloji ve dijital i\u00e7erik severler i\u00e7in ideal bir se\u00e7im haline getirir.    <\/p>\n<h2>Apple Kart \u00d6zellikleri<\/h2>\n<p>Apple Card, a\u015fa\u011f\u0131dakiler de dahil olmak \u00fczere bir\u00e7ok de\u011ferli avantaj sunar: <\/p>\n<ul>\n<li>Kullan\u0131m\u0131 kolay: Kolayca \u00f6zelle\u015ftirilebilir, sat\u0131n alma s\u00fcrecini h\u0131zl\u0131 ve kullan\u0131\u015fl\u0131 hale getirir.  <\/li>\n<li>G\u00fcvenlik: Apple Card, finansal bilgilerinizi koruyan ve yetkisiz kullan\u0131m\u0131 \u00f6nleyen geli\u015fmi\u015f bir g\u00fcvenlik sistemi sa\u011flar.  <\/li>\n<li>\u00c7ok y\u00f6nl\u00fc kullan\u0131m: Apple Card&#8217;\u0131n\u0131z\u0131 \u00e7e\u015fitli \u00e7evrimi\u00e7i ma\u011fazalarda ve \u00f6deme uygulamalar\u0131nda kullanabilir, al\u0131\u015fveri\u015f yapma \u015feklinizde size esneklik sa\u011flar.  <\/li>\n<\/ul>\n<h2>Apple Card nas\u0131l al\u0131n\u0131r<\/h2>\n<p>Bir Apple Card almak i\u00e7in resmi Apple web sitesini veya baz\u0131 yetkili perakendecileri ziyaret edebilirsiniz. Sat\u0131n alma s\u00fcreci kolayd\u0131r ve her t\u00fcrl\u00fc sorunuzda size yard\u0131mc\u0131 olacak teknik destek mevcuttur. Karta sahip olduktan sonra, istedi\u011finiz zaman kullanmaya ba\u015flayabilirsiniz.     <\/p>\n<p>K\u0131sacas\u0131, Apple Card g\u00fcvenli ve sorunsuz bir \u00f6deme y\u00f6ntemi arayan herkes i\u00e7in m\u00fckemmel bir se\u00e7im. Teknoloji ve tasarrufu birle\u015ftiren bu d\u00fcnyaya ad\u0131m at\u0131n ve Apple Card&#8217;\u0131n\u0131zla dijital deneyiminizin keyfini bug\u00fcn \u00e7\u0131kar\u0131n!   <\/p>\n","protected":false},"excerpt":{"rendered":"<p>Apple Card&#8217;\u0131n teknoloji d\u00fcnyas\u0131ndaki \u00f6nemi Apple Card, g\u00fcn\u00fcm\u00fcz d\u00fcnyas\u0131n\u0131n en pop\u00fcler &#8230; <\/p>\n","protected":false},"featured_media":2216,"comment_status":"open","ping_status":"closed","template":"","meta":[],"product_brand":[],"product_cat":[203],"product_tag":[],"class_list":{"0":"post-2231","1":"product","2":"type-product","3":"status-publish","4":"has-post-thumbnail","6":"product_cat-203","8":"first","9":"instock","10":"shipping-taxable","11":"purchasable","12":"product-type-simple"},"_links":{"self":[{"href":"https:\/\/subzone-store.com\/tr\/wp-json\/wp\/v2\/product\/2231","targetHints":{"allow":["GET"]}}],"collection":[{"href":"https:\/\/subzone-store.com\/tr\/wp-json\/wp\/v2\/product"}],"about":[{"href":"https:\/\/subzone-store.com\/tr\/wp-json\/wp\/v2\/types\/product"}],"replies":[{"embeddable":true,"href":"https:\/\/subzone-store.com\/tr\/wp-json\/wp\/v2\/comments?post=2231"}],"wp:featuredmedia":[{"embeddable":true,"href":"https:\/\/subzone-store.com\/tr\/wp-json\/wp\/v2\/media\/2216"}],"wp:attachment":[{"href":"https:\/\/subzone-store.com\/tr\/wp-json\/wp\/v2\/media?parent=2231"}],"wp:term":[{"taxonomy":"product_brand","embeddable":true,"href":"https:\/\/subzone-store.com\/tr\/wp-json\/wp\/v2\/product_brand?post=2231"},{"taxonomy":"product_cat","embeddable":true,"href":"https:\/\/subzone-store.com\/tr\/wp-json\/wp\/v2\/product_cat?post=2231"},{"taxonomy":"product_tag","embeddable":true,"href":"https:\/\/subzone-store.com\/tr\/wp-json\/wp\/v2\/product_tag?post=2231"}],"curies":[{"name":"wp","href":"https:\/\/api.w.org\/{rel}","templated":true}]}}