{"id":2235,"date":"2025-04-09T00:42:46","date_gmt":"2025-04-09T00:42:46","guid":{"rendered":"https:\/\/subzone-store.com\/product\/google-play-card-98-sar\/"},"modified":"2025-04-09T00:42:46","modified_gmt":"2025-04-09T00:42:46","slug":"google-play-card-98-sar","status":"publish","type":"product","link":"https:\/\/subzone-store.com\/tr\/product\/google-play-card-98-sar\/","title":{"rendered":"Google Play Card 98 SAR"},"content":{"rendered":"<h2>Google Play Card Tan\u0131t\u0131m\u0131<\/h2>\n<p>SAR 98 Google Play Card, Google Play Store&#8217;da bulunan en iyi uygulamalar\u0131n, oyunlar\u0131n ve dijital i\u00e7eri\u011fin keyfini \u00e7\u0131karman\u0131n m\u00fckemmel yoludur. \u0130ster en yeni oyunlar\u0131 indirmek ister m\u00fczik hizmetlerinin keyfini \u00e7\u0131karmak isteyin. Google Play Card size t\u00fcm bunlar\u0131 kolayca sa\u011flar.<\/p>\n<h2>Google Play Card kullanman\u0131n avantajlar\u0131<\/h2>\n<p>Google Play Card, binlerce uygulama ve oyuna an\u0131nda eri\u015fmenizi sa\u011flar. \u00c7ok \u00e7e\u015fitli se\u00e7enekler aras\u0131ndan se\u00e7im yapabilirsiniz. Ayr\u0131ca size kredi kart\u0131 bilgilerinizi girmek zorunda kalmadan yeni i\u00e7erikleri deneme f\u0131rsat\u0131 verir. Bunu g\u00fcvenli ve rahat bir deneyim haline getirmek.<\/p>\n<p>Google Play Card kredisi sayesinde. \u00dccretli uygulamalar sat\u0131n alabilir veya uygulama i\u00e7i sat\u0131n al\u0131mlar yaparak deneyiminizi daha zengin hale getirebilirsiniz. Sevdikleriniz i\u00e7in m\u00fckemmel bir hediye. Do\u011fum g\u00fcnleri veya \u00f6zel kutlamalar gibi farkl\u0131 durumlar i\u00e7in harika bir se\u00e7imdir.<\/p>\n<h2>Google Play Card nas\u0131l kullan\u0131l\u0131r?<\/h2>\n<p>Google Play Card&#8217;\u0131n\u0131z\u0131 kullanmak i\u00e7in. Tek yapman\u0131z gereken bu basit ad\u0131mlar\u0131 takip etmek: Cihaz\u0131n\u0131zda Google Play uygulamas\u0131n\u0131 a\u00e7\u0131n. Ard\u0131ndan &#8216;Kullan&#8217; b\u00f6l\u00fcm\u00fcne gidin ve kart kodunu girin. SAR 98 tutar\u0131nda bir kredi alacaks\u0131n\u0131z. Favori i\u00e7eri\u011finizi hemen ke\u015ffetmeye ba\u015flayabilirsiniz.<\/p>\n<p>SAR 98 Google Play Card ile e\u011flence deneyiminizi daha kolay ve daha heyecanl\u0131 hale getirin. Hemen al\u0131n ve e\u011flence ihtiya\u00e7lar\u0131n\u0131z i\u00e7in premium i\u00e7eriklerin ve harika uygulamalar\u0131n keyfini \u00e7\u0131kar\u0131n!<\/p>\n","protected":false},"excerpt":{"rendered":"<p>Google Play Card Tan\u0131t\u0131m\u0131 SAR 98 Google Play Card, Google Play &#8230; <\/p>\n","protected":false},"featured_media":2192,"comment_status":"open","ping_status":"closed","template":"","meta":[],"product_brand":[],"product_cat":[203],"product_tag":[],"class_list":{"0":"post-2235","1":"product","2":"type-product","3":"status-publish","4":"has-post-thumbnail","6":"product_cat-203","8":"first","9":"instock","10":"shipping-taxable","11":"purchasable","12":"product-type-simple"},"_links":{"self":[{"href":"https:\/\/subzone-store.com\/tr\/wp-json\/wp\/v2\/product\/2235","targetHints":{"allow":["GET"]}}],"collection":[{"href":"https:\/\/subzone-store.com\/tr\/wp-json\/wp\/v2\/product"}],"about":[{"href":"https:\/\/subzone-store.com\/tr\/wp-json\/wp\/v2\/types\/product"}],"replies":[{"embeddable":true,"href":"https:\/\/subzone-store.com\/tr\/wp-json\/wp\/v2\/comments?post=2235"}],"wp:featuredmedia":[{"embeddable":true,"href":"https:\/\/subzone-store.com\/tr\/wp-json\/wp\/v2\/media\/2192"}],"wp:attachment":[{"href":"https:\/\/subzone-store.com\/tr\/wp-json\/wp\/v2\/media?parent=2235"}],"wp:term":[{"taxonomy":"product_brand","embeddable":true,"href":"https:\/\/subzone-store.com\/tr\/wp-json\/wp\/v2\/product_brand?post=2235"},{"taxonomy":"product_cat","embeddable":true,"href":"https:\/\/subzone-store.com\/tr\/wp-json\/wp\/v2\/product_cat?post=2235"},{"taxonomy":"product_tag","embeddable":true,"href":"https:\/\/subzone-store.com\/tr\/wp-json\/wp\/v2\/product_tag?post=2235"}],"curies":[{"name":"wp","href":"https:\/\/api.w.org\/{rel}","templated":true}]}}