{"id":2236,"date":"2025-04-09T00:27:29","date_gmt":"2025-04-09T00:27:29","guid":{"rendered":"https:\/\/subzone-store.com\/product\/100-apple-itunes-karti-abd-hesabi\/"},"modified":"2025-04-09T00:27:29","modified_gmt":"2025-04-09T00:27:29","slug":"100-apple-itunes-karti-abd-hesabi","status":"publish","type":"product","link":"https:\/\/subzone-store.com\/tr\/product\/100-apple-itunes-karti-abd-hesabi\/","title":{"rendered":"100 $ Apple &amp; iTunes Kart\u0131 &#8211; ABD Hesab\u0131"},"content":{"rendered":"<h2>Apple Card&#8217;\u0131n\u0131zla esnekli\u011fin tad\u0131n\u0131 \u00e7\u0131kar\u0131n<\/h2>\n<p>Apple Card, Apple hizmetlerini kullanma deneyiminizi daha sorunsuz ve kullan\u0131\u015fl\u0131 hale getirmek i\u00e7in m\u00fckemmel bir \u00e7\u00f6z\u00fcm. \u0130ster uygulama, ister oyun veya e\u011flence i\u00e7eri\u011fi sat\u0131n al\u0131yor olun, Apple Card size herhangi bir k\u0131s\u0131tlama olmaks\u0131z\u0131n istek ve ihtiya\u00e7lar\u0131n\u0131za g\u00f6re harcama yapma olana\u011f\u0131 sunuyor. Apple Store&#8217;da veya herhangi bir ba\u011fl\u0131 serviste kullanabilece\u011finiz bu kart, bir\u00e7ok kullan\u0131c\u0131 taraf\u0131ndan tercih ediliyor.     <\/p>\n<h2>Kullan\u0131m kolayl\u0131\u011f\u0131 ve rahat al\u0131\u015fveri\u015f deneyimi<\/h2>\n<p>Apple Card, dijital c\u00fczdan\u0131n\u0131za kolayca y\u00fckleme yapabilece\u011finiz i\u00e7in \u00e7evrimi\u00e7i al\u0131\u015fveri\u015f yapman\u0131n \u00e7ok kullan\u0131\u015fl\u0131 bir yoludur. Bu kartla yeni uygulamalar ve oyunlar sat\u0131n alabilir ya da Apple Music veya Apple TV Plus gibi hizmetlere abone olabilirsiniz. S\u00fcrecin basitli\u011fi, yeni ba\u015flayanlardan profesyonellere kadar herkes i\u00e7in ideal olmas\u0131n\u0131 sa\u011fl\u0131yor.     <\/p>\n<h2>\u00c7e\u015fitli sat\u0131n alma y\u00f6ntemleri lehinize<\/h2>\n<p>Apple Card&#8217;\u0131n\u0131z\u0131 \u00e7evrimi\u00e7i ma\u011fazalardan veya herhangi bir yetkili sat\u0131c\u0131dan sat\u0131n almak da dahil olmak \u00fczere \u00e7e\u015fitli yollarla edinebilirsiniz. T\u00fcm b\u00fct\u00e7elere uygun birden fazla kup\u00fcr se\u00e7ene\u011fi ile diledi\u011finiz gibi se\u00e7me ve \u00f6deme \u00f6zg\u00fcrl\u00fc\u011f\u00fc. Dijital d\u00fcnyay\u0131 ilgi \u00e7ekici ve heyecan verici bir \u015fekilde ke\u015ffetmenize yard\u0131mc\u0131 olacak s\u0131n\u0131rs\u0131z se\u00e7enek.    <\/p>\n","protected":false},"excerpt":{"rendered":"<p>Apple Card&#8217;\u0131n\u0131zla esnekli\u011fin tad\u0131n\u0131 \u00e7\u0131kar\u0131n Apple Card, Apple hizmetlerini kullanma deneyiminizi &#8230; <\/p>\n","protected":false},"featured_media":2212,"comment_status":"open","ping_status":"closed","template":"","meta":[],"product_brand":[],"product_cat":[203],"product_tag":[],"class_list":{"0":"post-2236","1":"product","2":"type-product","3":"status-publish","4":"has-post-thumbnail","6":"product_cat-203","8":"first","9":"instock","10":"shipping-taxable","11":"purchasable","12":"product-type-simple"},"_links":{"self":[{"href":"https:\/\/subzone-store.com\/tr\/wp-json\/wp\/v2\/product\/2236","targetHints":{"allow":["GET"]}}],"collection":[{"href":"https:\/\/subzone-store.com\/tr\/wp-json\/wp\/v2\/product"}],"about":[{"href":"https:\/\/subzone-store.com\/tr\/wp-json\/wp\/v2\/types\/product"}],"replies":[{"embeddable":true,"href":"https:\/\/subzone-store.com\/tr\/wp-json\/wp\/v2\/comments?post=2236"}],"wp:featuredmedia":[{"embeddable":true,"href":"https:\/\/subzone-store.com\/tr\/wp-json\/wp\/v2\/media\/2212"}],"wp:attachment":[{"href":"https:\/\/subzone-store.com\/tr\/wp-json\/wp\/v2\/media?parent=2236"}],"wp:term":[{"taxonomy":"product_brand","embeddable":true,"href":"https:\/\/subzone-store.com\/tr\/wp-json\/wp\/v2\/product_brand?post=2236"},{"taxonomy":"product_cat","embeddable":true,"href":"https:\/\/subzone-store.com\/tr\/wp-json\/wp\/v2\/product_cat?post=2236"},{"taxonomy":"product_tag","embeddable":true,"href":"https:\/\/subzone-store.com\/tr\/wp-json\/wp\/v2\/product_tag?post=2236"}],"curies":[{"name":"wp","href":"https:\/\/api.w.org\/{rel}","templated":true}]}}