{"id":2237,"date":"2025-04-08T12:26:17","date_gmt":"2025-04-08T12:26:17","guid":{"rendered":"https:\/\/subzone-store.com\/product\/50-apple-itunes-karti-abd-hesabi\/"},"modified":"2025-04-08T12:26:17","modified_gmt":"2025-04-08T12:26:17","slug":"50-apple-itunes-karti-abd-hesabi","status":"publish","type":"product","link":"https:\/\/subzone-store.com\/tr\/product\/50-apple-itunes-karti-abd-hesabi\/","title":{"rendered":"50 $ Apple &amp; iTunes Kart\u0131 &#8211; ABD Hesab\u0131"},"content":{"rendered":"<h2>Apple Kart Tan\u0131t\u0131m\u0131<\/h2>\n<p>Apple Card, teknoloji severler ve online al\u0131\u015fveri\u015f merakl\u0131lar\u0131 i\u00e7in m\u00fckemmel bir \u00e7\u00f6z\u00fcmd\u00fcr. Kolay ve sorunsuz bir kullan\u0131c\u0131 deneyimi sunmak \u00fczere tasarlanan bu kart, dijital al\u0131\u015fveri\u015f yapmak i\u00e7in m\u00fckemmel bir se\u00e7imdir. \u0130htiya\u00e7lar\u0131n\u0131z ne olursa olsun, Apple Card size arad\u0131\u011f\u0131n\u0131z esnekli\u011fi sa\u011flayabilir.    <\/p>\n<h2>Apple Card&#8217;\u0131n Temel \u00d6zellikleri<\/h2>\n<p>Apple Card, di\u011fer se\u00e7enekler aras\u0131nda \u00f6ne \u00e7\u0131kmas\u0131n\u0131 sa\u011flayan \u00e7ok \u00e7e\u015fitli \u00f6zelliklere sahiptir. Al\u0131\u015fveri\u015f yaparken size koruma ve g\u00fcvenlik sa\u011flayarak i\u00e7inizin rahat olmas\u0131n\u0131 sa\u011flar. Ayr\u0131ca, kart\u0131 \u00e7e\u015fitli ma\u011fazalarda ve uygulamalarda kullanabilir, ihtiyac\u0131n\u0131z olan her \u015feye kolayca eri\u015febilirsiniz.     <\/p>\n<h2>Apple Card nas\u0131l kullan\u0131l\u0131r?<\/h2>\n<p>Apple Card&#8217;\u0131n\u0131z\u0131 ister ak\u0131ll\u0131 telefonunuz ister bilgisayar\u0131n\u0131z olsun, birden fazla ayg\u0131tta kolayca kullanabilirsiniz. Kart\u0131 dijital c\u00fczdan\u0131n\u0131za ekledikten sonra farkl\u0131 \u00e7evrimi\u00e7i ma\u011fazalardan al\u0131\u015fveri\u015f yapmak i\u00e7in kullanabilirsiniz. Bakiyenizi esnek bir \u015fekilde y\u00f6netebilir, bilin\u00e7li harcama yapabilirsiniz.     <\/p>\n<p>Online al\u0131\u015fveri\u015f deneyiminizi daha sorunsuz hale getirmenin bir yolunu ar\u0131yorsan\u0131z, Apple Card sizin i\u00e7in m\u00fckemmel bir se\u00e7imdir. Sundu\u011fu avantajlardan yararlanma f\u0131rsat\u0131n\u0131 ka\u00e7\u0131rmay\u0131n ve rakipsiz bir al\u0131\u015fveri\u015f deneyiminin tad\u0131n\u0131 \u00e7\u0131kar\u0131n!   <\/p>\n","protected":false},"excerpt":{"rendered":"<p>Apple Kart Tan\u0131t\u0131m\u0131 Apple Card, teknoloji severler ve online al\u0131\u015fveri\u015f merakl\u0131lar\u0131 &#8230; <\/p>\n","protected":false},"featured_media":2214,"comment_status":"open","ping_status":"closed","template":"","meta":[],"product_brand":[],"product_cat":[203],"product_tag":[],"class_list":{"0":"post-2237","1":"product","2":"type-product","3":"status-publish","4":"has-post-thumbnail","6":"product_cat-203","8":"first","9":"instock","10":"shipping-taxable","11":"purchasable","12":"product-type-simple"},"_links":{"self":[{"href":"https:\/\/subzone-store.com\/tr\/wp-json\/wp\/v2\/product\/2237","targetHints":{"allow":["GET"]}}],"collection":[{"href":"https:\/\/subzone-store.com\/tr\/wp-json\/wp\/v2\/product"}],"about":[{"href":"https:\/\/subzone-store.com\/tr\/wp-json\/wp\/v2\/types\/product"}],"replies":[{"embeddable":true,"href":"https:\/\/subzone-store.com\/tr\/wp-json\/wp\/v2\/comments?post=2237"}],"wp:featuredmedia":[{"embeddable":true,"href":"https:\/\/subzone-store.com\/tr\/wp-json\/wp\/v2\/media\/2214"}],"wp:attachment":[{"href":"https:\/\/subzone-store.com\/tr\/wp-json\/wp\/v2\/media?parent=2237"}],"wp:term":[{"taxonomy":"product_brand","embeddable":true,"href":"https:\/\/subzone-store.com\/tr\/wp-json\/wp\/v2\/product_brand?post=2237"},{"taxonomy":"product_cat","embeddable":true,"href":"https:\/\/subzone-store.com\/tr\/wp-json\/wp\/v2\/product_cat?post=2237"},{"taxonomy":"product_tag","embeddable":true,"href":"https:\/\/subzone-store.com\/tr\/wp-json\/wp\/v2\/product_tag?post=2237"}],"curies":[{"name":"wp","href":"https:\/\/api.w.org\/{rel}","templated":true}]}}